{"id":83,"date":"2026-03-05T10:52:15","date_gmt":"2026-03-05T10:52:15","guid":{"rendered":"https:\/\/timtrans.com.tr\/?page_id=83"},"modified":"2026-03-18T23:09:07","modified_gmt":"2026-03-18T23:09:07","slug":"iletisim","status":"publish","type":"page","link":"https:\/\/timtrans.com.tr\/index.php\/iletisim\/","title":{"rendered":"\u0130leti\u015fim"},"content":{"rendered":"\n<p>Tim Trans Logistics olarak, t\u00fcm ta\u015f\u0131mac\u0131l\u0131k ve lojistik ihtiya\u00e7lar\u0131n\u0131z i\u00e7in her zaman yan\u0131n\u0131zday\u0131z.<br>H\u0131zl\u0131 teklif almak veya detayl\u0131 bilgi i\u00e7in bizimle ileti\u015fime ge\u00e7ebilirsiniz.<\/p>\n\n\n\n<figure class=\"wp-block-image size-large\"><img loading=\"lazy\" decoding=\"async\" width=\"1024\" height=\"462\" src=\"https:\/\/timtrans.com.tr\/wp-content\/uploads\/2026\/03\/203c95c0-f556-4b7b-aabb-e02b54eba0c8-1-1024x462.png\" alt=\"\" class=\"wp-image-110\" srcset=\"https:\/\/timtrans.com.tr\/wp-content\/uploads\/2026\/03\/203c95c0-f556-4b7b-aabb-e02b54eba0c8-1-1024x462.png 1024w, https:\/\/timtrans.com.tr\/wp-content\/uploads\/2026\/03\/203c95c0-f556-4b7b-aabb-e02b54eba0c8-1-300x135.png 300w, https:\/\/timtrans.com.tr\/wp-content\/uploads\/2026\/03\/203c95c0-f556-4b7b-aabb-e02b54eba0c8-1-768x346.png 768w, https:\/\/timtrans.com.tr\/wp-content\/uploads\/2026\/03\/203c95c0-f556-4b7b-aabb-e02b54eba0c8-1-1170x527.png 1170w, https:\/\/timtrans.com.tr\/wp-content\/uploads\/2026\/03\/203c95c0-f556-4b7b-aabb-e02b54eba0c8-1.png 1220w\" sizes=\"auto, (max-width: 1024px) 100vw, 1024px\" \/><\/figure>\n\n\n\n<h2 class=\"wp-block-heading\" style=\"font-size:27px\"><strong>Telefon<\/strong><\/h2>\n\n\n\n<p>0212 854 04 94<\/p>\n\n\n\n<h2 class=\"wp-block-heading\" style=\"font-size:27px\"><\/h2>\n\n\n\n<p><\/p>\n\n\n\n<h2 class=\"wp-block-heading\" style=\"font-size:27px\"><strong>E-posta<\/strong><\/h2>\n\n\n\n<p><a>info@timtrans.com.tr<\/a><\/p>\n\n\n\n<p><\/p>\n\n\n\n<h2 class=\"wp-block-heading\" style=\"font-size:27px\"><strong>Adres<\/strong><\/h2>\n\n\n\n<p>Zafer Mahallesi, Haramidere Yolu Caddesi<br>Prestij Park No:20P B5 Blok Kat:1 Daire:8<br>Esenyurt \/ \u0130stanbul<\/p>\n\n\n\n<p><\/p>\n\n\n\n<hr class=\"wp-block-separator has-alpha-channel-opacity\"\/>\n\n\n\n<h2 class=\"wp-block-heading\" style=\"font-size:27px\"><strong>Vergi Bilgileri<\/strong><\/h2>\n\n\n\n<p><strong>\u015eirket \u00dcnvan\u0131:<\/strong><br>Tim Trans Lojistik D\u0131\u015f Ticaret Limited \u015eirketi<\/p>\n\n\n\n<p><strong>Vergi Dairesi:<\/strong><br>Avc\u0131lar<\/p>\n\n\n\n<p><strong>Vergi No:<\/strong><br>8440462200<\/p>\n\n\n\n<p><\/p>\n\n\n\n<hr class=\"wp-block-separator has-alpha-channel-opacity\"\/>\n\n\n\n<h2 class=\"wp-block-heading\" style=\"font-size:27px\"><strong>H\u0131zl\u0131 Teklif Al<\/strong><\/h2>\n\n\n\n<p>Ta\u015f\u0131mac\u0131l\u0131k ihtiya\u00e7lar\u0131n\u0131z i\u00e7in bizimle ileti\u015fime ge\u00e7in, size en k\u0131sa s\u00fcrede d\u00f6n\u00fc\u015f yapal\u0131m.<br>Tim Trans Lojistik ile y\u00fck\u00fcn\u00fcz her zaman g\u00fcvende.<\/p>\n\n\n\n<p><\/p>\n\n\n\n<hr class=\"wp-block-separator has-alpha-channel-opacity\"\/>\n\n\n\n<h2 class=\"wp-block-heading\" style=\"font-size:27px\"><strong>Neden Tim Trans?<\/strong><\/h2>\n\n\n\n<ul class=\"wp-block-list\">\n<li>\u2714\ufe0f Zaman\u0131nda teslimat<\/li>\n\n\n\n<li>\u2714\ufe0f G\u00fcvenilir ta\u015f\u0131ma<\/li>\n\n\n\n<li>\u2714\ufe0f Profesyonel ekip<\/li>\n\n\n\n<li>\u2714\ufe0f H\u0131zl\u0131 geri d\u00f6n\u00fc\u015f<\/li>\n<\/ul>\n\n\n\n<hr class=\"wp-block-separator has-alpha-channel-opacity\"\/>\n\n\n\n<hr class=\"wp-block-separator has-alpha-channel-opacity\"\/>\n\n\n\n<h2 class=\"wp-block-heading\"><\/h2>\n","protected":false},"excerpt":{"rendered":"<p>Tim Trans Logistics olarak, t\u00fcm ta\u015f\u0131mac\u0131l\u0131k ve lojistik ihtiya\u00e7lar\u0131n\u0131z i\u00e7in her zaman yan\u0131n\u0131zday\u0131z.H\u0131zl\u0131 teklif almak veya detayl\u0131 bilgi i\u00e7in bizimle ileti\u015fime ge\u00e7ebilirsiniz. Telefon 0212 854 04 94 E-posta info@timtrans.com.tr Adres Zafer Mahallesi, Haramidere Yolu CaddesiPrestij Park No:20P B5 Blok Kat:1 Daire:8Esenyurt \/ \u0130stanbul Vergi Bilgileri \u015eirket \u00dcnvan\u0131:Tim Trans Lojistik D\u0131\u015f Ticaret Limited \u015eirketi Vergi Dairesi:Avc\u0131lar [&hellip;]<\/p>\n","protected":false},"author":1,"featured_media":0,"parent":0,"menu_order":0,"comment_status":"closed","ping_status":"closed","template":"","meta":{"_kadence_starter_templates_imported_post":false,"footnotes":""},"class_list":["post-83","page","type-page","status-publish","hentry"],"_links":{"self":[{"href":"https:\/\/timtrans.com.tr\/index.php\/wp-json\/wp\/v2\/pages\/83","targetHints":{"allow":["GET"]}}],"collection":[{"href":"https:\/\/timtrans.com.tr\/index.php\/wp-json\/wp\/v2\/pages"}],"about":[{"href":"https:\/\/timtrans.com.tr\/index.php\/wp-json\/wp\/v2\/types\/page"}],"author":[{"embeddable":true,"href":"https:\/\/timtrans.com.tr\/index.php\/wp-json\/wp\/v2\/users\/1"}],"replies":[{"embeddable":true,"href":"https:\/\/timtrans.com.tr\/index.php\/wp-json\/wp\/v2\/comments?post=83"}],"version-history":[{"count":6,"href":"https:\/\/timtrans.com.tr\/index.php\/wp-json\/wp\/v2\/pages\/83\/revisions"}],"predecessor-version":[{"id":111,"href":"https:\/\/timtrans.com.tr\/index.php\/wp-json\/wp\/v2\/pages\/83\/revisions\/111"}],"wp:attachment":[{"href":"https:\/\/timtrans.com.tr\/index.php\/wp-json\/wp\/v2\/media?parent=83"}],"curies":[{"name":"wp","href":"https:\/\/api.w.org\/{rel}","templated":true}]}}